{"id":22,"date":"2023-09-21T09:29:56","date_gmt":"2023-09-21T09:29:56","guid":{"rendered":"https:\/\/www.es.mdu.se\/reliant\/?page_id=22"},"modified":"2023-09-21T10:18:20","modified_gmt":"2023-09-21T10:18:20","slug":"staff","status":"publish","type":"page","link":"https:\/\/www.es.mdu.se\/reliant\/staff\/","title":{"rendered":"Staff"},"content":{"rendered":"<table id=\"staffTable\" name=\"staffTable\" width=\"500px\" cellspacing=\"0\">\n    \n    <tr class=\"staffCaption\">\n<td class=\"photoBack\" width=\"135px\"><a href=\"https:\/\/www.es.mdu.se\/staff\/173-Cristina_Seceleanu\"><img decoding=\"async\" img src=\"https:\/\/www.es.mdu.se\/img\/staff\/173-staff.jpg?time=1776212256\" style=\"width:80px;\"><\/a><\/td>\n<td valign=\"top\">\n<h1>Cristina Seceleanu<\/h1>\n<p style=\"margin: 0;padding: 0;\"><strong>Professor<\/strong><br><a href=\"mailto:cristina.seceleanu@mdu.se\">cristina.seceleanu@mdu.se<\/a><\/p>\n<p width=\"300\" align=\"right\"><a style=\"color:#efa052\" href=\"https:\/\/www.es.mdu.se\/staff\/173-Cristina_Seceleanu\">View Profile<\/a><\/p>\n<\/td>\n<\/tr>\n<tr class=\"staffCaption\">\n<td class=\"photoBack\" width=\"135px\"><a href=\"https:\/\/www.es.mdu.se\/staff\/266-Federico_Ciccozzi\"><img decoding=\"async\" img src=\"https:\/\/www.es.mdu.se\/img\/staff\/266-staff.jpg?time=1776212256\" style=\"width:80px;\"><\/a><\/td>\n<td valign=\"top\">\n<h1>Federico Ciccozzi<\/h1>\n<p style=\"margin: 0;padding: 0;\"><strong>Head of Research Education,Professor<\/strong><br><a href=\"mailto:federico.ciccozzi@mdu.se\">federico.ciccozzi@mdu.se<\/a><\/p>\n<p width=\"300\" align=\"right\"><a style=\"color:#efa052\" href=\"https:\/\/www.es.mdu.se\/staff\/266-Federico_Ciccozzi\">View Profile<\/a><\/p>\n<\/td>\n<\/tr>\n<tr class=\"staffCaption\">\n<td class=\"photoBack\" width=\"135px\"><a href=\"https:\/\/www.es.mdu.se\/staff\/4-Hans_Hansson\"><img decoding=\"async\" img src=\"https:\/\/www.es.mdu.se\/img\/staff\/4-staff.jpg?time=1776212256\" style=\"width:80px;\"><\/a><\/td>\n<td valign=\"top\">\n<h1>Hans Hansson<\/h1>\n<p style=\"margin: 0;padding: 0;\"><strong>Professor<\/strong><br><a href=\"mailto:hans.hansson@mdh.se\">hans.hansson@mdh.se<\/a><\/p>\n<p width=\"300\" align=\"right\"><a style=\"color:#efa052\" href=\"https:\/\/www.es.mdu.se\/staff\/4-Hans_Hansson\">View Profile<\/a><\/p>\n<\/td>\n<\/tr>\n<tr class=\"staffCaption\">\n<td class=\"photoBack\" width=\"135px\"><a href=\"https:\/\/www.es.mdu.se\/staff\/180-Kristina_Lundqvist\"><img decoding=\"async\" img src=\"https:\/\/www.es.mdu.se\/img\/staff\/180-staff.jpg?time=1776212256\" style=\"width:80px;\"><\/a><\/td>\n<td valign=\"top\">\n<h1>Kristina Lundqvist<sup> *Project Leader<\/sup>\n<\/h1>\n<p style=\"margin: 0;padding: 0;\"><strong>Chairman of the MDU recruitment committee,Professor<\/strong><br><a href=\"mailto:kristina.lundqvist@mdu.se\">kristina.lundqvist@mdu.se<\/a><\/p>\n<p width=\"300\" align=\"right\"><a style=\"color:#efa052\" href=\"https:\/\/www.es.mdu.se\/staff\/180-Kristina_Lundqvist\">View Profile<\/a><\/p>\n<\/td>\n<\/tr>\n<tr class=\"staffCaption\">\n<td class=\"photoBack\" width=\"135px\"><a href=\"https:\/\/www.es.mdu.se\/staff\/3242-Marjan_Sirjani\"><img decoding=\"async\" img src=\"https:\/\/www.es.mdu.se\/img\/staff\/3242-staff.jpg?time=1776212256\" style=\"width:80px;\"><\/a><\/td>\n<td valign=\"top\">\n<h1>Marjan Sirjani<\/h1>\n<p style=\"margin: 0;padding: 0;\"><strong>Professor<\/strong><br><a href=\"mailto:marjan.sirjani@mdh.se\">marjan.sirjani@mdh.se<\/a><\/p>\n<p width=\"300\" align=\"right\"><a style=\"color:#efa052\" href=\"https:\/\/www.es.mdu.se\/staff\/3242-Marjan_Sirjani\">View Profile<\/a><\/p>\n<\/td>\n<\/tr>\n<tr class=\"staffCaption\">\n<td class=\"photoBack\" width=\"135px\"><a href=\"https:\/\/www.es.mdu.se\/staff\/3303-Masoud_Daneshtalab\"><img decoding=\"async\" img src=\"https:\/\/www.es.mdu.se\/img\/staff\/3303-staff.jpg?time=1776212256\" style=\"width:80px;\"><\/a><\/td>\n<td valign=\"top\">\n<h1>Masoud Daneshtalab<\/h1>\n<p style=\"margin: 0;padding: 0;\"><strong>Professor<\/strong><br><a href=\"mailto:masoud.daneshtalab@mdh.se\">masoud.daneshtalab@mdh.se<\/a><\/p>\n<p width=\"300\" align=\"right\"><a style=\"color:#efa052\" href=\"https:\/\/www.es.mdu.se\/staff\/3303-Masoud_Daneshtalab\">View Profile<\/a><\/p>\n<\/td>\n<\/tr>\n<tr class=\"staffCaption\">\n<td class=\"photoBack\" width=\"135px\"><a href=\"https:\/\/www.es.mdu.se\/staff\/63-Mikael_Sj_din\"><img decoding=\"async\" img src=\"https:\/\/www.es.mdu.se\/img\/staff\/63-staff.jpg?time=1776212256\" style=\"width:80px;\"><\/a><\/td>\n<td valign=\"top\">\n<h1>Mikael Sj\u00f6din<\/h1>\n<p style=\"margin: 0;padding: 0;\"><strong>Professor,Research Leader<\/strong><br><a href=\"mailto:mikael.sjodin@mdu.se\">mikael.sjodin@mdu.se<\/a><\/p>\n<p width=\"300\" align=\"right\"><a style=\"color:#efa052\" href=\"https:\/\/www.es.mdu.se\/staff\/63-Mikael_Sj_din\">View Profile<\/a><\/p>\n<\/td>\n<\/tr>\n<tr class=\"staffCaption\">\n<td class=\"photoBack\" width=\"135px\"><a href=\"https:\/\/www.es.mdu.se\/staff\/98-Mikael_Ekstr_m\"><img decoding=\"async\" img src=\"https:\/\/www.es.mdu.se\/img\/staff\/98-staff.jpg?time=1776212256\" style=\"width:80px;\"><\/a><\/td>\n<td valign=\"top\">\n<h1>Mikael Ekstr\u00f6m<\/h1>\n<p style=\"margin: 0;padding: 0;\"><strong>Professor<\/strong><br><a href=\"mailto:mikael.ekstrom@mdu.se\">mikael.ekstrom@mdu.se<\/a><\/p>\n<p width=\"300\" align=\"right\"><a style=\"color:#efa052\" href=\"https:\/\/www.es.mdu.se\/staff\/98-Mikael_Ekstr_m\">View Profile<\/a><\/p>\n<\/td>\n<\/tr>\n<tr class=\"staffCaption\">\n<td class=\"photoBack\" width=\"135px\"><a href=\"https:\/\/www.es.mdu.se\/staff\/157-Moris_Behnam\"><img decoding=\"async\" img src=\"https:\/\/www.es.mdu.se\/img\/staff\/157-staff.jpg?time=1776212256\" style=\"width:80px;\"><\/a><\/td>\n<td valign=\"top\">\n<h1>Moris Behnam<\/h1>\n<p style=\"margin: 0;padding: 0;\"><strong>Professor<\/strong><br><a href=\"mailto:moris.behnam@mdh.se\">moris.behnam@mdh.se<\/a><\/p>\n<p width=\"300\" align=\"right\"><a style=\"color:#efa052\" href=\"https:\/\/www.es.mdu.se\/staff\/157-Moris_Behnam\">View Profile<\/a><\/p>\n<\/td>\n<\/tr>\n<tr class=\"staffCaption\">\n<td class=\"photoBack\" width=\"135px\"><a href=\"https:\/\/www.es.mdu.se\/staff\/87-Sasikumar_Punnekkat\"><img decoding=\"async\" img src=\"https:\/\/www.es.mdu.se\/img\/staff\/87-staff.jpg?time=1776212256\" style=\"width:80px;\"><\/a><\/td>\n<td valign=\"top\">\n<h1>Sasikumar Punnekkat<\/h1>\n<p style=\"margin: 0;padding: 0;\"><strong>Professor<\/strong><br><a href=\"mailto:sasikumar.punnekkat@mdu.se\">sasikumar.punnekkat@mdu.se<\/a><\/p>\n<p width=\"300\" align=\"right\"><a style=\"color:#efa052\" href=\"https:\/\/www.es.mdu.se\/staff\/87-Sasikumar_Punnekkat\">View Profile<\/a><\/p>\n<\/td>\n<\/tr>\n<tr class=\"staffCaption\">\n<td class=\"photoBack\" width=\"135px\"><a href=\"https:\/\/www.es.mdu.se\/staff\/283-Shahid_Raza\"><img decoding=\"async\" img src=\"https:\/\/www.es.mdu.se\/img\/staff\/283-staff.jpg?time=1776212256\" style=\"width:80px;\"><\/a><\/td>\n<td valign=\"top\">\n<h1>Shahid Raza<\/h1>\n<p style=\"margin: 0;padding: 0;\"><strong>Professor<\/strong><br><a href=\"mailto:shahid.raza@mdh.se\">shahid.raza@mdh.se<\/a><\/p>\n<p width=\"300\" align=\"right\"><a style=\"color:#efa052\" href=\"https:\/\/www.es.mdu.se\/staff\/283-Shahid_Raza\">View Profile<\/a><\/p>\n<\/td>\n<\/tr>\n<tr class=\"staffCaption\">\n<td class=\"photoBack\" width=\"135px\"><a href=\"https:\/\/www.es.mdu.se\/staff\/5476-Ludvig_af_Klinteberg\"><img decoding=\"async\" img src=\"https:\/\/www.es.mdu.se\/img\/staff\/5476-staff.jpg?time=1776212256\" style=\"width:80px;\"><\/a><\/td>\n<td valign=\"top\">\n<h1>Ludvig af Klinteberg<\/h1>\n<p style=\"margin: 0;padding: 0;\"><strong>Associate Professor<\/strong><br><a href=\"mailto:ludvig.af.klinteberg@mdu.se\">ludvig.af.klinteberg@mdu.se<\/a><\/p>\n<p width=\"300\" align=\"right\"><a style=\"color:#efa052\" href=\"https:\/\/www.es.mdu.se\/staff\/5476-Ludvig_af_Klinteberg\">View Profile<\/a><\/p>\n<\/td>\n<\/tr>\n<tr class=\"staffCaption\">\n<td class=\"photoBack\" width=\"135px\"><a href=\"https:\/\/www.es.mdu.se\/staff\/5-Christer_Norstr_m\"><img decoding=\"async\" img src=\"https:\/\/www.es.mdu.se\/img\/staff\/5-staff.jpg?time=1776212256\" style=\"width:80px;\"><\/a><\/td>\n<td valign=\"top\">\n<h1>Christer Norstr\u00f6m<\/h1>\n<p style=\"margin: 0;padding: 0;\"><strong>Adjunct Professor<\/strong><br><a href=\"mailto:christer.norstrom@mdu.se\">christer.norstrom@mdu.se<\/a><\/p>\n<p width=\"300\" align=\"right\"><a style=\"color:#efa052\" href=\"https:\/\/www.es.mdu.se\/staff\/5-Christer_Norstr_m\">View Profile<\/a><\/p>\n<\/td>\n<\/tr>\n<tr class=\"staffCaption\">\n<td class=\"photoBack\" width=\"135px\"><a href=\"https:\/\/www.es.mdu.se\/staff\/5480-Janet_Lin\"><img decoding=\"async\" img src=\"https:\/\/www.es.mdu.se\/img\/staff\/5480-staff.jpg?time=1776212256\" style=\"width:80px;\"><\/a><\/td>\n<td valign=\"top\">\n<h1>Janet Lin<\/h1>\n<p style=\"margin: 0;padding: 0;\"><strong>Adjunct Professor,Visiting Professor<\/strong><br><a href=\"mailto:janet.lin@mdu.se\">janet.lin@mdu.se<\/a><\/p>\n<p width=\"300\" align=\"right\"><a style=\"color:#efa052\" href=\"https:\/\/www.es.mdu.se\/staff\/5480-Janet_Lin\">View Profile<\/a><\/p>\n<\/td>\n<\/tr>\n<tr class=\"staffCaption\">\n<td class=\"photoBack\" width=\"135px\"><a href=\"https:\/\/www.es.mdu.se\/staff\/15-Baran_r_kl_\"><img decoding=\"async\" img src=\"https:\/\/www.es.mdu.se\/img\/staff\/15-staff.jpg?time=1776212256\" style=\"width:80px;\"><\/a><\/td>\n<td valign=\"top\">\n<h1>Baran \u00c7\u00fcr\u00fckl\u00fc<\/h1>\n<p style=\"margin: 0;padding: 0;\"><strong>Senior Lecturer<\/strong><br><a href=\"mailto:baran.curuklu@mdu.se\">baran.curuklu@mdu.se<\/a><\/p>\n<p width=\"300\" align=\"right\"><a style=\"color:#efa052\" href=\"https:\/\/www.es.mdu.se\/staff\/15-Baran_r_kl_\">View Profile<\/a><\/p>\n<\/td>\n<\/tr>\n<tr class=\"staffCaption\">\n<td class=\"photoBack\" width=\"135px\"><a href=\"https:\/\/www.es.mdu.se\/staff\/174-Nikola_Petrovic\"><img decoding=\"async\" img src=\"https:\/\/www.es.mdu.se\/img\/staff\/174-staff.jpg?time=1776212256\" style=\"width:80px;\"><\/a><\/td>\n<td valign=\"top\">\n<h1>Nikola Petrovic<\/h1>\n<p style=\"margin: 0;padding: 0;\"><strong>Senior Lecturer<\/strong><br><a href=\"mailto:nikola.petrovic@mdh.se\">nikola.petrovic@mdh.se<\/a><\/p>\n<p width=\"300\" align=\"right\"><a style=\"color:#efa052\" href=\"https:\/\/www.es.mdu.se\/staff\/174-Nikola_Petrovic\">View Profile<\/a><\/p>\n<\/td>\n<\/tr>\n<tr class=\"staffCaption\">\n<td class=\"photoBack\" width=\"135px\"><a href=\"https:\/\/www.es.mdu.se\/staff\/5477-Alexander_Hillstr_m\"><img decoding=\"async\" img src=\"https:\/\/www.es.mdu.se\/img\/default.gif\" style=\"width:80px;\"><\/a><\/td>\n<td valign=\"top\">\n<h1>Alexander Hillstr\u00f6m<\/h1>\n<p style=\"margin: 0;padding: 0;\"><strong>Doctoral student<\/strong><br><a href=\"mailto:Alexander.hillstrom@mdu.se\">Alexander.hillstrom@mdu.se<\/a><\/p>\n<p width=\"300\" align=\"right\"><a style=\"color:#efa052\" href=\"https:\/\/www.es.mdu.se\/staff\/5477-Alexander_Hillstr_m\">View Profile<\/a><\/p>\n<\/td>\n<\/tr>\n<tr class=\"staffCaption\">\n<td class=\"photoBack\" width=\"135px\"><a href=\"https:\/\/www.es.mdu.se\/staff\/5478-Elias_Kettunen\"><img decoding=\"async\" img src=\"https:\/\/www.es.mdu.se\/img\/default.gif\" style=\"width:80px;\"><\/a><\/td>\n<td valign=\"top\">\n<h1>Elias Kettunen<\/h1>\n<p style=\"margin: 0;padding: 0;\"><strong>Doctoral student<\/strong><br><a href=\"mailto:elias.kettunen@nepartner.se\">elias.kettunen@nepartner.se<\/a><\/p>\n<p width=\"300\" align=\"right\"><a style=\"color:#efa052\" href=\"https:\/\/www.es.mdu.se\/staff\/5478-Elias_Kettunen\">View Profile<\/a><\/p>\n<\/td>\n<\/tr>\n<tr class=\"staffCaption\">\n<td class=\"photoBack\" width=\"135px\"><a href=\"https:\/\/www.es.mdu.se\/staff\/5479-Joakim_Flink\"><img decoding=\"async\" img src=\"https:\/\/www.es.mdu.se\/img\/default.gif\" style=\"width:80px;\"><\/a><\/td>\n<td valign=\"top\">\n<h1>Joakim Flink<\/h1>\n<p style=\"margin: 0;padding: 0;\"><strong>Doctoral student<\/strong><br><a href=\"mailto:joakim.flink@mdu.se\">joakim.flink@mdu.se<\/a><\/p>\n<p width=\"300\" align=\"right\"><a style=\"color:#efa052\" href=\"https:\/\/www.es.mdu.se\/staff\/5479-Joakim_Flink\">View Profile<\/a><\/p>\n<\/td>\n<\/tr>\n<tr class=\"staffCaption\">\n<td class=\"photoBack\" width=\"135px\"><a href=\"https:\/\/www.es.mdu.se\/staff\/4536-Sepehr_Mousavi\"><img decoding=\"async\" img src=\"https:\/\/www.es.mdu.se\/img\/default.gif\" style=\"width:80px;\"><\/a><\/td>\n<td valign=\"top\">\n<h1>Sepehr  Mousavi<\/h1>\n<p style=\"margin: 0;padding: 0;\"><strong>Doctoral student<\/strong><br><a href=\"mailto:sepehr.mousavi@swegreen.se\">sepehr.mousavi@swegreen.se<\/a><\/p>\n<p width=\"300\" align=\"right\"><a style=\"color:#efa052\" href=\"https:\/\/www.es.mdu.se\/staff\/4536-Sepehr_Mousavi\">View Profile<\/a><\/p>\n<\/td>\n<\/tr>\n<tr class=\"staffCaption\">\n<td class=\"photoBack\" width=\"135px\"><a href=\"https:\/\/www.es.mdu.se\/staff\/4650-Thorvaldur_Jochumsson\"><img decoding=\"async\" img src=\"https:\/\/www.es.mdu.se\/img\/staff\/4650-staff.jpg?time=1776212256\" style=\"width:80px;\"><\/a><\/td>\n<td valign=\"top\">\n<h1>Thorvaldur Jochumsson<\/h1>\n<p style=\"margin: 0;padding: 0;\"><strong>Doctoral student,Industrial Doctoral Student<\/strong><br><a href=\"mailto:thorvaldur.jochumsson@mdu.se\">thorvaldur.jochumsson@mdu.se<\/a><\/p>\n<p width=\"300\" align=\"right\"><a style=\"color:#efa052\" href=\"https:\/\/www.es.mdu.se\/staff\/4650-Thorvaldur_Jochumsson\">View Profile<\/a><\/p>\n<\/td>\n<\/tr>\n<tr class=\"staffCaption\">\n<td class=\"photoBack\" width=\"135px\"><a href=\"https:\/\/www.es.mdu.se\/staff\/5498-Alexandre_Justo_Miro\"><img decoding=\"async\" img src=\"https:\/\/www.es.mdu.se\/img\/staff\/5498-staff.jpg?time=1776212256\" style=\"width:80px;\"><\/a><\/td>\n<td valign=\"top\">\n<h1>Alexandre Justo Miro<\/h1>\n<p style=\"margin: 0;padding: 0;\"><strong>Industrial Doctoral Student<\/strong><br><a href=\"mailto:alexandre.justo.miro@mdu.se\">alexandre.justo.miro@mdu.se<\/a><\/p>\n<p width=\"300\" align=\"right\"><a style=\"color:#efa052\" href=\"https:\/\/www.es.mdu.se\/staff\/5498-Alexandre_Justo_Miro\">View Profile<\/a><\/p>\n<\/td>\n<\/tr>\n<tr class=\"staffCaption\">\n<td class=\"photoBack\" width=\"135px\"><a href=\"https:\/\/www.es.mdu.se\/staff\/154-Andreas_Hjertstr_m\"><img decoding=\"async\" img src=\"https:\/\/www.es.mdu.se\/img\/staff\/154-staff.jpg?time=1776212256\" style=\"width:80px;\"><\/a><\/td>\n<td valign=\"top\">\n<h1>Andreas Hjertstr\u00f6m<\/h1>\n<p style=\"margin: 0;padding: 0;\"><strong>Other<\/strong><br><a href=\"mailto:andreas.hjertstrom@volvo.com\">andreas.hjertstrom@volvo.com<\/a><\/p>\n<p width=\"300\" align=\"right\"><a style=\"color:#efa052\" href=\"https:\/\/www.es.mdu.se\/staff\/154-Andreas_Hjertstr_m\">View Profile<\/a><\/p>\n<\/td>\n<\/tr>\n<tr class=\"staffCaption\">\n<td class=\"photoBack\" width=\"135px\"><a href=\"https:\/\/www.es.mdu.se\/staff\/5499-Asrin_Abdollahi\"><img decoding=\"async\" img src=\"https:\/\/www.es.mdu.se\/img\/staff\/5499-staff.jpg?time=1776212256\" style=\"width:80px;\"><\/a><\/td>\n<td valign=\"top\">\n<h1>Asrin Abdollahi<\/h1>\n<p style=\"margin: 0;padding: 0;\"><strong>Industrial Doctoral Student<\/strong><br><a href=\"mailto:asrin.abdollahi@ri.se\">asrin.abdollahi@ri.se<\/a><\/p>\n<p width=\"300\" align=\"right\"><a style=\"color:#efa052\" href=\"https:\/\/www.es.mdu.se\/staff\/5499-Asrin_Abdollahi\">View Profile<\/a><\/p>\n<\/td>\n<\/tr>\n<tr class=\"staffCaption\">\n<td class=\"photoBack\" width=\"135px\"><a href=\"https:\/\/www.es.mdu.se\/staff\/5481-Christofer_Silfvenius\"><img decoding=\"async\" img src=\"https:\/\/www.es.mdu.se\/img\/default.gif\" style=\"width:80px;\"><\/a><\/td>\n<td valign=\"top\">\n<h1>Christofer Silfvenius<\/h1>\n<p style=\"margin: 0;padding: 0;\"><strong>Other<\/strong><br><a href=\"mailto:christofer.silfvenius@scania.com\">christofer.silfvenius@scania.com<\/a><\/p>\n<p width=\"300\" align=\"right\"><a style=\"color:#efa052\" href=\"https:\/\/www.es.mdu.se\/staff\/5481-Christofer_Silfvenius\">View Profile<\/a><\/p>\n<\/td>\n<\/tr>\n<tr class=\"staffCaption\">\n<td class=\"photoBack\" width=\"135px\"><a href=\"https:\/\/www.es.mdu.se\/staff\/5364-Giuseppe_Nebbione\"><img decoding=\"async\" img src=\"https:\/\/www.es.mdu.se\/img\/staff\/5364-staff.jpg?time=1776212256\" style=\"width:80px;\"><\/a><\/td>\n<td valign=\"top\">\n<h1>Giuseppe Nebbione<\/h1>\n<p style=\"margin: 0;padding: 0;\"><strong>Assistant Professor<\/strong><br><a href=\"mailto:giuseppe.nebbione@mdu.se\">giuseppe.nebbione@mdu.se<\/a><\/p>\n<p width=\"300\" align=\"right\"><a style=\"color:#efa052\" href=\"https:\/\/www.es.mdu.se\/staff\/5364-Giuseppe_Nebbione\">View Profile<\/a><\/p>\n<\/td>\n<\/tr>\n<tr class=\"staffCaption\">\n<td class=\"photoBack\" width=\"135px\"><a href=\"https:\/\/www.es.mdu.se\/staff\/2933-H_kan_Forsberg\"><img decoding=\"async\" img src=\"https:\/\/www.es.mdu.se\/img\/staff\/2933-staff.jpg?time=1776212256\" style=\"width:80px;\"><\/a><\/td>\n<td valign=\"top\">\n<h1>H\u00e5kan Forsberg<\/h1>\n<p style=\"margin: 0;padding: 0;\"><strong>Associate Professor,Docent,Senior Lecturer<\/strong><br><a href=\"mailto:hakan.forsberg@mdu.se\">hakan.forsberg@mdu.se<\/a><\/p>\n<p width=\"300\" align=\"right\"><a style=\"color:#efa052\" href=\"https:\/\/www.es.mdu.se\/staff\/2933-H_kan_Forsberg\">View Profile<\/a><\/p>\n<\/td>\n<\/tr>\n<tr class=\"staffCaption\">\n<td class=\"photoBack\" width=\"135px\"><a href=\"https:\/\/www.es.mdu.se\/staff\/4291-Joakim_Lind_n\"><img decoding=\"async\" img src=\"https:\/\/www.es.mdu.se\/img\/staff\/4291-staff.jpg?time=1776212256\" style=\"width:80px;\"><\/a><\/td>\n<td valign=\"top\">\n<h1>Joakim Lind\u00e9n<\/h1>\n<p style=\"margin: 0;padding: 0;\"><strong>Industrial Doctoral Student<\/strong><br><a href=\"mailto:joakim.linden@mdu.se\">joakim.linden@mdu.se<\/a><\/p>\n<p width=\"300\" align=\"right\"><a style=\"color:#efa052\" href=\"https:\/\/www.es.mdu.se\/staff\/4291-Joakim_Lind_n\">View Profile<\/a><\/p>\n<\/td>\n<\/tr>\n<tr class=\"staffCaption\">\n<td class=\"photoBack\" width=\"135px\"><a href=\"https:\/\/www.es.mdu.se\/staff\/77-Kaj_H_nninen\"><img decoding=\"async\" img src=\"https:\/\/www.es.mdu.se\/img\/staff\/77-staff.jpg?time=1776212256\" style=\"width:80px;\"><\/a><\/td>\n<td valign=\"top\">\n<h1>Kaj H\u00e4nninen<\/h1>\n<p style=\"margin: 0;padding: 0;\"><strong>Associate Professor,Docent,Senior Lecturer<\/strong><br><a href=\"mailto:kaj.hanninen@mdu.se\">kaj.hanninen@mdu.se<\/a><\/p>\n<p width=\"300\" align=\"right\"><a style=\"color:#efa052\" href=\"https:\/\/www.es.mdu.se\/staff\/77-Kaj_H_nninen\">View Profile<\/a><\/p>\n<\/td>\n<\/tr>\n<tr class=\"staffCaption\">\n<td class=\"photoBack\" width=\"135px\"><a href=\"https:\/\/www.es.mdu.se\/staff\/215-Malin_Rosqvist\"><img decoding=\"async\" img src=\"https:\/\/www.es.mdu.se\/img\/staff\/215-staff.jpg?time=1776212256\" style=\"width:80px;\"><\/a><\/td>\n<td valign=\"top\">\n<h1>Malin Rosqvist<\/h1>\n<p style=\"margin: 0;padding: 0;\"><strong>Research project manager<\/strong><br><a href=\"mailto:malin.rosqvist@ri.se\">malin.rosqvist@ri.se<\/a><\/p>\n<p width=\"300\" align=\"right\"><a style=\"color:#efa052\" href=\"https:\/\/www.es.mdu.se\/staff\/215-Malin_Rosqvist\">View Profile<\/a><\/p>\n<\/td>\n<\/tr>\n<tr class=\"staffCaption\">\n<td class=\"photoBack\" width=\"135px\"><a href=\"https:\/\/www.es.mdu.se\/staff\/4409-Martin_Skoglund\"><img decoding=\"async\" img src=\"https:\/\/www.es.mdu.se\/img\/staff\/4409-staff.jpg?time=1776212256\" style=\"width:80px;\"><\/a><\/td>\n<td valign=\"top\">\n<h1>Martin Skoglund<\/h1>\n<p style=\"margin: 0;padding: 0;\"><strong><\/strong><br><a href=\"mailto:martin.skoglund@ri.se\">martin.skoglund@ri.se<\/a><\/p>\n<p width=\"300\" align=\"right\"><a style=\"color:#efa052\" href=\"https:\/\/www.es.mdu.se\/staff\/4409-Martin_Skoglund\">View Profile<\/a><\/p>\n<\/td>\n<\/tr>\n<tr class=\"staffCaption\">\n<td class=\"photoBack\" width=\"135px\"><a href=\"https:\/\/www.es.mdu.se\/staff\/316-Mehrdad_Saadatmand\"><img decoding=\"async\" img src=\"https:\/\/www.es.mdu.se\/img\/staff\/316-staff.jpg?time=1776212256\" style=\"width:80px;\"><\/a><\/td>\n<td valign=\"top\">\n<h1>Mehrdad Saadatmand<\/h1>\n<p style=\"margin: 0;padding: 0;\"><strong>Affiliated researcher<\/strong><br><a href=\"mailto:mehrdad.saadatmand@mdu.se\">mehrdad.saadatmand@mdu.se<\/a><\/p>\n<p width=\"300\" align=\"right\"><a style=\"color:#efa052\" href=\"https:\/\/www.es.mdu.se\/staff\/316-Mehrdad_Saadatmand\">View Profile<\/a><\/p>\n<\/td>\n<\/tr>\n<tr class=\"staffCaption\">\n<td class=\"photoBack\" width=\"135px\"><a href=\"https:\/\/www.es.mdu.se\/staff\/5085-Stefan_Marksteiner\"><img decoding=\"async\" img src=\"https:\/\/www.es.mdu.se\/img\/staff\/5085-staff.jpg?time=1776212256\" style=\"width:80px;\"><\/a><\/td>\n<td valign=\"top\">\n<h1>Stefan Marksteiner<\/h1>\n<p style=\"margin: 0;padding: 0;\"><strong>Other<\/strong><br><a href=\"mailto:stefan.marksteiner@mdu.se\">stefan.marksteiner@mdu.se<\/a><\/p>\n<p width=\"300\" align=\"right\"><a style=\"color:#efa052\" href=\"https:\/\/www.es.mdu.se\/staff\/5085-Stefan_Marksteiner\">View Profile<\/a><\/p>\n<\/td>\n<\/tr>\n<tr class=\"staffCaption\">\n<td class=\"photoBack\" width=\"135px\"><a href=\"https:\/\/www.es.mdu.se\/staff\/5341-Zafer_Yigit\"><img decoding=\"async\" img src=\"https:\/\/www.es.mdu.se\/img\/staff\/5341-staff.jpg?time=1776212256\" style=\"width:80px;\"><\/a><\/td>\n<td valign=\"top\">\n<h1>Zafer Yigit<\/h1>\n<p style=\"margin: 0;padding: 0;\"><strong>Industrial Doctoral Student<\/strong><br><a href=\"mailto:zafer.yigit@mdu.se\">zafer.yigit@mdu.se<\/a><\/p>\n<p width=\"300\" align=\"right\"><a style=\"color:#efa052\" href=\"https:\/\/www.es.mdu.se\/staff\/5341-Zafer_Yigit\">View Profile<\/a><\/p>\n<\/td>\n<\/tr>\n<\/table>\n","protected":false},"excerpt":{"rendered":"","protected":false},"author":1,"featured_media":0,"parent":0,"menu_order":0,"comment_status":"closed","ping_status":"closed","template":"","meta":{"footnotes":""},"class_list":["post-22","page","type-page","status-publish","hentry"],"_links":{"self":[{"href":"https:\/\/www.es.mdu.se\/reliant\/wp-json\/wp\/v2\/pages\/22","targetHints":{"allow":["GET"]}}],"collection":[{"href":"https:\/\/www.es.mdu.se\/reliant\/wp-json\/wp\/v2\/pages"}],"about":[{"href":"https:\/\/www.es.mdu.se\/reliant\/wp-json\/wp\/v2\/types\/page"}],"author":[{"embeddable":true,"href":"https:\/\/www.es.mdu.se\/reliant\/wp-json\/wp\/v2\/users\/1"}],"replies":[{"embeddable":true,"href":"https:\/\/www.es.mdu.se\/reliant\/wp-json\/wp\/v2\/comments?post=22"}],"version-history":[{"count":7,"href":"https:\/\/www.es.mdu.se\/reliant\/wp-json\/wp\/v2\/pages\/22\/revisions"}],"predecessor-version":[{"id":65,"href":"https:\/\/www.es.mdu.se\/reliant\/wp-json\/wp\/v2\/pages\/22\/revisions\/65"}],"wp:attachment":[{"href":"https:\/\/www.es.mdu.se\/reliant\/wp-json\/wp\/v2\/media?parent=22"}],"curies":[{"name":"wp","href":"https:\/\/api.w.org\/{rel}","templated":true}]}}